{"id":1155,"date":"2019-08-05T06:25:24","date_gmt":"2019-08-05T06:25:24","guid":{"rendered":"http:\/\/fenster-neunkirchen.at\/?page_id=1155"},"modified":"2019-08-05T06:25:24","modified_gmt":"2019-08-05T06:25:24","slug":"impressum","status":"publish","type":"page","link":"https:\/\/fenster-neunkirchen.at\/?page_id=1155","title":{"rendered":"Impressum"},"content":{"rendered":"<h1 class=\"adsimple-221082967\">Impressum<\/h1>\n<p class=\"adsimple-221082967\">Informationspflicht laut \u00a75 E-Commerce Gesetz, \u00a714 Unternehmensgesetzbuch, \u00a763 Gewerbeordnung und Offenlegungspflicht laut \u00a725 Mediengesetz.<\/p>\n<p class=\"adsimple-221082967\">Wohnvision Breimaier &amp; Hauer GmbH<br \/>\nHauptstra\u00dfe 56,<br \/>\n2723 Muthmannsdorf,<br \/>\n\u00d6sterreich<\/p>\n<p class=\"adsimple-221082967\"><strong>Unternehmensgegenstand:<\/strong>\u00a0Einzelhandel mit sowie Service und Montage von Fenster, T\u00fcren und Sonnenschutz<br \/>\n<strong>UID-Nummer:<\/strong>\u00a0ATU55641005<br \/>\n<strong>Firmenbuchnummer:<\/strong>\u00a0FN 227211 i<br \/>\n<strong>Firmenbuchgericht:<\/strong>\u00a0LG Neunkirchen<br \/>\n<strong>Firmensitz:<\/strong>\u00a02723 Muthmannsdorf<\/p>\n<p class=\"adsimple-221082967\"><strong>Tel.:<\/strong>\u00a0+43 (2638) 885 80<br \/>\n<strong>Fax:<\/strong>\u00a0+43 (2638) 885 80-6<br \/>\n<strong>E-Mail:<\/strong>\u00a0<a href=\"mailto:office@wohnvision.eu\">office@wohnvision.eu<\/a><\/p>\n<p class=\"adsimple-221082967\"><strong>Berufsrecht:<\/strong>\u00a0Gewerbeordnung: www.ris.bka.gv.at<\/p>\n<p class=\"adsimple-221082967\"><strong>Aufsichtsbeh\u00f6rde\/Gewerbebeh\u00f6rde:<\/strong>\u00a0Bezirkshauptmannschaft Neunkirchen<br \/>\n<strong>Berufsbezeichnung:<\/strong>\u00a0Einzelhandel mit sowie Service und Montage von Fenster, T\u00fcren und Sonnenschutz<br \/>\n<strong>Verleihungsstaat:<\/strong>\u00a0\u00d6sterreich<\/p>\n<p class=\"adsimple-221082967\"><strong>Gesch\u00e4ftsf\u00fchrer<\/strong><br \/>\nArno Hauer, Gerhard Breimaier<\/p>\n<p class=\"adsimple-221082967\"><strong>Beteiligungsverh\u00e4ltnisse<\/strong><br \/>\nGesellschafter Hauer Arno: 35,00% Gernjak Franz: 30,00% Breimaier Gerhard:35,00%<\/p>\n<p>Quelle: Erstellt\u00a0mit dem\u00a0<a title=\"Impressum Generator von firmenwebseiten.at\" href=\"https:\/\/www.firmenwebseiten.at\/impressum-generator\/\" target=\"_blank\" rel=\"follow noopener noreferrer\">Impressum Generator von firmenwebseiten.at<\/a>\u00a0in Kooperation mit\u00a0<a class=\"external\" title=\"\" href=\"https:\/\/www.valuemobiles.at\/\" target=\"_blank\" rel=\"follow noopener noreferrer\">valuemobiles.at<\/a><\/p>\n<h2 class=\"adsimple-221082967\">EU-Streitschlichtung<\/h2>\n<p>Gem\u00e4\u00df Verordnung \u00fcber Online-Streitbeilegung in Verbraucherangelegenheiten (ODR-Verordnung) m\u00f6chten wir Sie \u00fcber die Online-Streitbeilegungsplattform (OS-Plattform) informieren.<br \/>\nVerbraucher haben die M\u00f6glichkeit, Beschwerden an die Online Streitbeilegungsplattform der Europ\u00e4ischen Kommission unter\u00a0<a class=\"adsimple-221082967\" href=\"https:\/\/ec.europa.eu\/consumers\/odr\/main\/index.cfm?event=main.home2.show&amp;lng=DE\" target=\"_blank\" rel=\"nofollow noopener noreferrer\">https:\/\/ec.europa.eu\/odr?tid=221082967<\/a>\u00a0zu richten. Die daf\u00fcr notwendigen Kontaktdaten finden Sie oberhalb in unserem Impressum.<\/p>\n<p>Wir m\u00f6chten Sie jedoch darauf hinweisen, dass wir nicht bereit oder verpflichtet sind, an Streitbeilegungsverfahren vor einer Verbraucherschlichtungsstelle teilzunehmen.<\/p>\n<h2 class=\"adsimple-221082967\">Haftung f\u00fcr Inhalte dieser Webseite<\/h2>\n<p>Wir entwickeln die Inhalte dieser Webseite st\u00e4ndig weiter und bem\u00fchen uns korrekte und aktuelle Informationen bereitzustellen. Leider k\u00f6nnen wir keine Haftung f\u00fcr die Korrektheit aller Inhalte auf dieser Webseite \u00fcbernehmen, speziell f\u00fcr jene die seitens Dritter bereitgestellt wurden.<\/p>\n<p>Sollten Ihnen problematische oder rechtswidrige Inhalte auffallen, bitte wir Sie uns umgehend zu kontaktieren, Sie finden die Kontaktdaten im Impressum.<\/p>\n<h2 class=\"adsimple-221082967\">Haftung f\u00fcr Links auf dieser Webseite<\/h2>\n<p>Unsere Webseite enth\u00e4lt Links zu anderen Webseiten f\u00fcr deren Inhalt wir nicht verantwortlich sind. Haftung f\u00fcr verlinkte Websites besteht laut\u00a0<a class=\"adsimple-221082967\" href=\"https:\/\/www.ris.bka.gv.at\/Dokument.wxe?Abfrage=Bundesnormen&amp;Dokumentnummer=NOR40025813&amp;tid=221082967\" target=\"_blank\" rel=\"noopener nofollow noreferrer\">\u00a7 17 ECG<\/a>\u00a0f\u00fcr uns nicht, da wir keine Kenntnis rechtswidriger T\u00e4tigkeiten hatten und haben, uns solche Rechtswidrigkeiten auch bisher nicht aufgefallen sind und wir Links sofort entfernen w\u00fcrden, wenn uns Rechtswidrigkeiten bekannt werden.<\/p>\n<p>Wenn Ihnen rechtswidrige Links auf unserer Website auffallen, bitte wir Sie uns zu kontaktieren, Sie finden die Kontaktdaten im Impressum.<\/p>\n<h2 class=\"adsimple-221082967\">Urheberrechtshinweis<\/h2>\n<p>Alle Inhalte dieser Webseite (Bilder, Fotos, Texte, Videos) unterliegen dem Urheberrecht. Falls notwendig, werden wir die unerlaubte Nutzung von Teilen der Inhalte unserer Seite rechtlich verfolgen.<\/p>\n[gzd_complaints]\n","protected":false},"excerpt":{"rendered":"<p>Impressum Informationspflicht laut \u00a75 E-Commerce Gesetz, \u00a714 Unternehmensgesetzbuch, \u00a763 Gewerbeordnung und Offenlegungspflicht laut \u00a725 Mediengesetz. Wohnvision Breimaier &amp; Hauer GmbH Hauptstra\u00dfe 56, 2723 Muthmannsdorf, \u00d6sterreich Unternehmensgegenstand:\u00a0Einzelhandel mit sowie Service und Montage von Fenster, T\u00fcren und Sonnenschutz UID-Nummer:\u00a0ATU55641005 Firmenbuchnummer:\u00a0FN 227211 i Firmenbuchgericht:\u00a0LG Neunkirchen Firmensitz:\u00a02723 Muthmannsdorf Tel.:\u00a0+43 (2638) 885 80 Fax:\u00a0+43 (2638) 885 80-6 E-Mail:\u00a0office@wohnvision.eu Berufsrecht:\u00a0Gewerbeordnung: www.ris.bka.gv.at&#8230;<\/p>\n","protected":false},"author":1,"featured_media":0,"parent":0,"menu_order":0,"comment_status":"closed","ping_status":"closed","template":"","meta":[],"yoast_head":"<!-- This site is optimized with the Yoast SEO plugin v16.6.1 - https:\/\/yoast.com\/wordpress\/plugins\/seo\/ -->\n<title>Impressum - Internom Fenster &amp; T\u00fcren im Bezirk Neunkirchen<\/title>\n<meta name=\"robots\" content=\"index, follow, max-snippet:-1, max-image-preview:large, max-video-preview:-1\" \/>\n<link rel=\"canonical\" href=\"http:\/\/fenster-neunkirchen.at\/?page_id=1155\" \/>\n<meta property=\"og:locale\" content=\"de_DE\" \/>\n<meta property=\"og:type\" content=\"article\" \/>\n<meta property=\"og:title\" content=\"Impressum - Internom Fenster &amp; T\u00fcren im Bezirk Neunkirchen\" \/>\n<meta property=\"og:description\" content=\"Impressum Informationspflicht laut \u00a75 E-Commerce Gesetz, \u00a714 Unternehmensgesetzbuch, \u00a763 Gewerbeordnung und Offenlegungspflicht laut \u00a725 Mediengesetz. Wohnvision Breimaier &amp; Hauer GmbH Hauptstra\u00dfe 56, 2723 Muthmannsdorf, \u00d6sterreich Unternehmensgegenstand:\u00a0Einzelhandel mit sowie Service und Montage von Fenster, T\u00fcren und Sonnenschutz UID-Nummer:\u00a0ATU55641005 Firmenbuchnummer:\u00a0FN 227211 i Firmenbuchgericht:\u00a0LG Neunkirchen Firmensitz:\u00a02723 Muthmannsdorf Tel.:\u00a0+43 (2638) 885 80 Fax:\u00a0+43 (2638) 885 80-6 E-Mail:\u00a0office@wohnvision.eu Berufsrecht:\u00a0Gewerbeordnung: www.ris.bka.gv.at...\" \/>\n<meta property=\"og:url\" content=\"http:\/\/fenster-neunkirchen.at\/?page_id=1155\" \/>\n<meta property=\"og:site_name\" content=\"Internom Fenster &amp; T\u00fcren im Bezirk Neunkirchen\" \/>\n<meta property=\"article:publisher\" content=\"https:\/\/www.facebook.com\/wohnvision.eu\/\" \/>\n<meta name=\"twitter:card\" content=\"summary_large_image\" \/>\n<meta name=\"twitter:label1\" content=\"Gesch\u00e4tzte Lesezeit\" \/>\n\t<meta name=\"twitter:data1\" content=\"2\u00a0Minuten\" \/>\n<script type=\"application\/ld+json\" class=\"yoast-schema-graph\">{\"@context\":\"https:\/\/schema.org\",\"@graph\":[{\"@type\":\"Organization\",\"@id\":\"https:\/\/fenster-neunkirchen.at\/#organization\",\"name\":\"Internorm Wohnvision Breimaier und Hauer GmbH\",\"url\":\"https:\/\/fenster-neunkirchen.at\/\",\"sameAs\":[\"https:\/\/www.facebook.com\/wohnvision.eu\/\"],\"logo\":{\"@type\":\"ImageObject\",\"@id\":\"https:\/\/fenster-neunkirchen.at\/#logo\",\"inLanguage\":\"de\",\"url\":\"https:\/\/fenster-neunkirchen.at\/wp-content\/uploads\/2019\/08\/wohnvision_logo_white-2.svg\",\"contentUrl\":\"https:\/\/fenster-neunkirchen.at\/wp-content\/uploads\/2019\/08\/wohnvision_logo_white-2.svg\",\"caption\":\"Internorm Wohnvision Breimaier und Hauer GmbH\"},\"image\":{\"@id\":\"https:\/\/fenster-neunkirchen.at\/#logo\"}},{\"@type\":\"WebSite\",\"@id\":\"https:\/\/fenster-neunkirchen.at\/#website\",\"url\":\"https:\/\/fenster-neunkirchen.at\/\",\"name\":\"Internom Fenster &amp; T\\u00fcren im Bezirk Neunkirchen\",\"description\":\"Just another WordPress site\",\"publisher\":{\"@id\":\"https:\/\/fenster-neunkirchen.at\/#organization\"},\"potentialAction\":[{\"@type\":\"SearchAction\",\"target\":{\"@type\":\"EntryPoint\",\"urlTemplate\":\"https:\/\/fenster-neunkirchen.at\/?s={search_term_string}\"},\"query-input\":\"required name=search_term_string\"}],\"inLanguage\":\"de\"},{\"@type\":\"WebPage\",\"@id\":\"http:\/\/fenster-neunkirchen.at\/?page_id=1155#webpage\",\"url\":\"http:\/\/fenster-neunkirchen.at\/?page_id=1155\",\"name\":\"Impressum - Internom Fenster &amp; T\\u00fcren im Bezirk Neunkirchen\",\"isPartOf\":{\"@id\":\"https:\/\/fenster-neunkirchen.at\/#website\"},\"datePublished\":\"2019-08-05T06:25:24+00:00\",\"dateModified\":\"2019-08-05T06:25:24+00:00\",\"breadcrumb\":{\"@id\":\"http:\/\/fenster-neunkirchen.at\/?page_id=1155#breadcrumb\"},\"inLanguage\":\"de\",\"potentialAction\":[{\"@type\":\"ReadAction\",\"target\":[\"http:\/\/fenster-neunkirchen.at\/?page_id=1155\"]}]},{\"@type\":\"BreadcrumbList\",\"@id\":\"http:\/\/fenster-neunkirchen.at\/?page_id=1155#breadcrumb\",\"itemListElement\":[{\"@type\":\"ListItem\",\"position\":1,\"name\":\"Home\",\"item\":\"https:\/\/fenster-neunkirchen.at\/\"},{\"@type\":\"ListItem\",\"position\":2,\"name\":\"Impressum\"}]}]}<\/script>\n<!-- \/ Yoast SEO plugin. -->","_links":{"self":[{"href":"https:\/\/fenster-neunkirchen.at\/index.php?rest_route=\/wp\/v2\/pages\/1155"}],"collection":[{"href":"https:\/\/fenster-neunkirchen.at\/index.php?rest_route=\/wp\/v2\/pages"}],"about":[{"href":"https:\/\/fenster-neunkirchen.at\/index.php?rest_route=\/wp\/v2\/types\/page"}],"author":[{"embeddable":true,"href":"https:\/\/fenster-neunkirchen.at\/index.php?rest_route=\/wp\/v2\/users\/1"}],"replies":[{"embeddable":true,"href":"https:\/\/fenster-neunkirchen.at\/index.php?rest_route=%2Fwp%2Fv2%2Fcomments&post=1155"}],"version-history":[{"count":1,"href":"https:\/\/fenster-neunkirchen.at\/index.php?rest_route=\/wp\/v2\/pages\/1155\/revisions"}],"predecessor-version":[{"id":1156,"href":"https:\/\/fenster-neunkirchen.at\/index.php?rest_route=\/wp\/v2\/pages\/1155\/revisions\/1156"}],"wp:attachment":[{"href":"https:\/\/fenster-neunkirchen.at\/index.php?rest_route=%2Fwp%2Fv2%2Fmedia&parent=1155"}],"curies":[{"name":"wp","href":"https:\/\/api.w.org\/{rel}","templated":true}]}}